{"id":1294,"date":"2019-06-10T13:48:10","date_gmt":"2019-06-10T12:48:10","guid":{"rendered":"http:\/\/ergo-lib.fr\/?page_id=1294"},"modified":"2019-06-10T15:52:43","modified_gmt":"2019-06-10T14:52:43","slug":"ergotherapie","status":"publish","type":"page","link":"https:\/\/ergo-lib.fr\/index.php\/bienvenue\/ergotherapie\/","title":{"rendered":"Ergoth\u00e9rapie"},"content":{"rendered":"\n<div class=\"wp-block-image\"><figure class=\"aligncenter\"><img loading=\"lazy\" width=\"945\" height=\"756\" src=\"http:\/\/ergo-lib.fr\/wp\/wp-content\/uploads\/2019\/06\/flyer.jpg\" alt=\"\" class=\"wp-image-1300\" srcset=\"https:\/\/ergo-lib.fr\/wp\/wp-content\/uploads\/2019\/06\/flyer.jpg 945w, https:\/\/ergo-lib.fr\/wp\/wp-content\/uploads\/2019\/06\/flyer-300x240.jpg 300w, https:\/\/ergo-lib.fr\/wp\/wp-content\/uploads\/2019\/06\/flyer-768x614.jpg 768w\" sizes=\"(max-width: 945px) 100vw, 945px\" \/><\/figure><\/div>\n\n\n\n<blockquote class=\"wp-block-quote is-style-default\"><p>L\u2019ergoth\u00e9rapie est une profession centr\u00e9e sur le d\u00e9veloppement et le maintien de la capacit\u00e9 d\u2019agir des personnes. Elle contribue \u00e0 l\u2019am\u00e9lioration de la sant\u00e9 et de la qualit\u00e9 de la vie. Elle facilite la participation \u00e0 la soci\u00e9t\u00e9 en permettant de prendre part aux activit\u00e9s quotidiennes.<\/p><cite>(<a href=\"https:\/\/www.ergotherapie.ch\/page-dacceuil\/\">Association Suisse des Ergoth\u00e9rapeutes<\/a>)<\/cite><\/blockquote>\n\n\n\n<blockquote class=\"wp-block-quote\"><p>L\u2019ergoth\u00e9rapeute est un professionnel de sant\u00e9 qui fonde sa pratique sur le lien entre l\u2019activit\u00e9 humaine et la sant\u00e9. Il intervient en faveur d\u2019une <strong>personne ou d\u2019un groupe de personnes dans un environnement m\u00e9dical, professionnel, \u00e9ducatif et social<\/strong>.<\/p><cite>(<a href=\"https:\/\/www.anfe.fr\/\">Association Nationale Fran\u00e7aise des Ergoth\u00e9rapeutes<\/a>).<\/cite><\/blockquote>\n\n\n\n<p>L&rsquo;ergoth\u00e9rapeute aide l&rsquo;enfant \u00e0 acqu\u00e9rir un d\u00e9veloppement moteur, cognitif et social optimal et accompagne l&rsquo;adulte \u00e0 les conserver ou les recouvrer.<\/p>\n\n\n\n<p>Les connaissances de l&rsquo;ergoth\u00e9rapeute sur l&rsquo;activit\u00e9, le fonctionnement humain et la compr\u00e9hension de l&rsquo;environnement lui permettent de promouvoir l&rsquo;autonomie et l&rsquo;ind\u00e9pendance maximales de la personne accompagn\u00e9e.<\/p>\n","protected":false},"excerpt":{"rendered":"<p>L\u2019ergoth\u00e9rapie est une profession centr\u00e9e sur le d\u00e9veloppement et le maintien de la capacit\u00e9 d\u2019agir des personnes. Elle contribue \u00e0 l\u2019am\u00e9lioration de la sant\u00e9 et de la qualit\u00e9 de la vie. Elle facilite la participation \u00e0 la soci\u00e9t\u00e9 en permettant de prendre part aux activit\u00e9s quotidiennes. (Association Suisse des Ergoth\u00e9rapeutes) L\u2019ergoth\u00e9rapeute est un professionnel de <a class=\"more-link\" href=\"https:\/\/ergo-lib.fr\/index.php\/bienvenue\/ergotherapie\/\">En lire plus<\/a><\/p>\n","protected":false},"author":2,"featured_media":0,"parent":2,"menu_order":0,"comment_status":"closed","ping_status":"closed","template":"","meta":[],"_links":{"self":[{"href":"https:\/\/ergo-lib.fr\/index.php\/wp-json\/wp\/v2\/pages\/1294"}],"collection":[{"href":"https:\/\/ergo-lib.fr\/index.php\/wp-json\/wp\/v2\/pages"}],"about":[{"href":"https:\/\/ergo-lib.fr\/index.php\/wp-json\/wp\/v2\/types\/page"}],"author":[{"embeddable":true,"href":"https:\/\/ergo-lib.fr\/index.php\/wp-json\/wp\/v2\/users\/2"}],"replies":[{"embeddable":true,"href":"https:\/\/ergo-lib.fr\/index.php\/wp-json\/wp\/v2\/comments?post=1294"}],"version-history":[{"count":4,"href":"https:\/\/ergo-lib.fr\/index.php\/wp-json\/wp\/v2\/pages\/1294\/revisions"}],"predecessor-version":[{"id":1347,"href":"https:\/\/ergo-lib.fr\/index.php\/wp-json\/wp\/v2\/pages\/1294\/revisions\/1347"}],"up":[{"embeddable":true,"href":"https:\/\/ergo-lib.fr\/index.php\/wp-json\/wp\/v2\/pages\/2"}],"wp:attachment":[{"href":"https:\/\/ergo-lib.fr\/index.php\/wp-json\/wp\/v2\/media?parent=1294"}],"curies":[{"name":"wp","href":"https:\/\/api.w.org\/{rel}","templated":true}]}}