{"id":1307,"date":"2019-06-10T14:13:03","date_gmt":"2019-06-10T13:13:03","guid":{"rendered":"http:\/\/ergo-lib.fr\/?page_id=1307"},"modified":"2019-06-10T16:33:02","modified_gmt":"2019-06-10T15:33:02","slug":"lecole","status":"publish","type":"page","link":"https:\/\/ergo-lib.fr\/index.php\/lecole\/","title":{"rendered":"L&rsquo;\u00e9cole"},"content":{"rendered":"\n<h2>Outils mat\u00e9riels :<\/h2>\n\n\n\n<ul><li><a rel=\"noreferrer noopener\" href=\"https:\/\/serpodile.com\/\" target=\"_blank\">Feuilles et cahier lign\u00e9es en couleurs (Serpodile)<\/a><\/li><li><strong>Stylos d&rsquo;apprentissage \/ pour placer ses doigts :<\/strong><ul><li><a rel=\"noreferrer noopener\" aria-label=\"Stylos d'apprentissage \/ pour placer ses doigts (s\u2019ouvre dans un nouvel onglet)\" href=\"https:\/\/www.bickids.com\/fr\/stylo-bille-dapprentissage-twist\" target=\"_blank\">Bic Twist<\/a><\/li><li><a rel=\"noreferrer noopener\" aria-label=\"Stabilo EASYoriginal (s\u2019ouvre dans un nouvel onglet)\" href=\"https:\/\/www.stabilo.com\/fr\/produits\/apprendre-a-ecrire\/stylos-roller\/stabilo-easyoriginal\/\" target=\"_blank\">Stabilo EASYoriginal<\/a><\/li><\/ul><\/li><li><a rel=\"noreferrer noopener\" aria-label=\"Guides de lecture par 10 (s\u2019ouvre dans un nouvel onglet)\" href=\"https:\/\/www.hoptoys.fr\/apprentissage-lecture\/les-guides-de-lecture-x10-p-7880.html\" target=\"_blank\">Guides de lecture<\/a><\/li><li><a rel=\"noreferrer noopener\" aria-label=\"R\u00e8gles de lecture par 10 (s\u2019ouvre dans un nouvel onglet)\" href=\"https:\/\/www.hoptoys.fr\/l-aider-dans-son-apprentissage-de-la-lecture\/la-regle-de-lecture-lot-de-10-p-2628.html\" target=\"_blank\">R\u00e8gles de lecture<\/a><\/li><\/ul>\n\n\n\n<h2>Outils logiciels :<\/h2>\n\n\n\n<ul><li><a rel=\"noreferrer noopener\" href=\"http:\/\/www.desmoulins.fr\/?pg=scripts!online!feuilles\" target=\"_blank\">G\u00e9n\u00e9rateur de feuilles lign\u00e9es (Desmoulins)<\/a><\/li><li><a rel=\"noreferrer noopener\" aria-label=\"Contre la dyslexie (LexiBar) (s\u2019ouvre dans un nouvel onglet)\" href=\"https:\/\/www.lexibar.ca\/fr\/accueil\" target=\"_blank\">Contre la dyslexie (Lexibar)<\/a><\/li><li><a rel=\"noreferrer noopener\" href=\"https:\/\/bonpatron.com\/\" target=\"_blank\">Correcteur orthographe (BonPatron.com)<\/a><\/li><li><strong>Logiciel d\u2019apprentissage du clavier :<\/strong><ul><li><a rel=\"noreferrer noopener\" href=\"http:\/\/www.rapidtyping.com\/\" target=\"_blank\">Rapid Typing<\/a><\/li><li><a rel=\"noreferrer noopener\" href=\"https:\/\/sourceforge.net\/projects\/tuxtype\/files\/latest\/download\" target=\"_blank\">Tuxtype2<\/a><\/li><li><a rel=\"noreferrer noopener\" href=\"https:\/\/www.taptouche.com\/fr\/tap-touche-garfield\" target=\"_blank\">Tap\u2019touche Gardfield<\/a><\/li><\/ul><\/li><li><a rel=\"noreferrer noopener\" href=\"https:\/\/www.geogebra.org\/download\" target=\"_blank\">G\u00e9og\u00e9bra G\u00e9om\u00e9trie<\/a><\/li><\/ul>\n","protected":false},"excerpt":{"rendered":"<p>Outils mat\u00e9riels : Feuilles et cahier lign\u00e9es en couleurs (Serpodile) Stylos d&rsquo;apprentissage \/ pour placer ses doigts : Bic Twist Stabilo EASYoriginal Guides de lecture R\u00e8gles de lecture Outils logiciels : G\u00e9n\u00e9rateur de feuilles lign\u00e9es (Desmoulins) Contre la dyslexie (Lexibar) Correcteur orthographe (BonPatron.com) Logiciel d\u2019apprentissage du clavier : Rapid Typing Tuxtype2 Tap\u2019touche Gardfield G\u00e9og\u00e9bra G\u00e9om\u00e9trie<\/p>\n","protected":false},"author":2,"featured_media":0,"parent":0,"menu_order":0,"comment_status":"closed","ping_status":"closed","template":"","meta":[],"_links":{"self":[{"href":"https:\/\/ergo-lib.fr\/index.php\/wp-json\/wp\/v2\/pages\/1307"}],"collection":[{"href":"https:\/\/ergo-lib.fr\/index.php\/wp-json\/wp\/v2\/pages"}],"about":[{"href":"https:\/\/ergo-lib.fr\/index.php\/wp-json\/wp\/v2\/types\/page"}],"author":[{"embeddable":true,"href":"https:\/\/ergo-lib.fr\/index.php\/wp-json\/wp\/v2\/users\/2"}],"replies":[{"embeddable":true,"href":"https:\/\/ergo-lib.fr\/index.php\/wp-json\/wp\/v2\/comments?post=1307"}],"version-history":[{"count":14,"href":"https:\/\/ergo-lib.fr\/index.php\/wp-json\/wp\/v2\/pages\/1307\/revisions"}],"predecessor-version":[{"id":1363,"href":"https:\/\/ergo-lib.fr\/index.php\/wp-json\/wp\/v2\/pages\/1307\/revisions\/1363"}],"wp:attachment":[{"href":"https:\/\/ergo-lib.fr\/index.php\/wp-json\/wp\/v2\/media?parent=1307"}],"curies":[{"name":"wp","href":"https:\/\/api.w.org\/{rel}","templated":true}]}}