{"id":41,"date":"2016-04-30T17:03:39","date_gmt":"2016-04-30T16:03:39","guid":{"rendered":"http:\/\/ergo-lib.fr\/wp\/?page_id=41"},"modified":"2021-05-18T11:44:27","modified_gmt":"2021-05-18T10:44:27","slug":"lergotherapie","status":"publish","type":"page","link":"https:\/\/ergo-lib.fr\/index.php\/lergotherapie\/","title":{"rendered":"Processus d&rsquo;intervention"},"content":{"rendered":"\n<p> L\u2019ergoth\u00e9rapie s\u2019adresse \u00e0 toute personne rencontrant des difficult\u00e9s dans ses occupations, qu\u2019elles soient scolaires, quotidiennes, professionnelles, de loisirs\u2026 Tout public de tout \u00e2ge peut donc \u00eatre concern\u00e9 (enfant, adulte, personne \u00e2g\u00e9e). <\/p>\n\n\n\n<h2>L&rsquo;\u00e9valuation initiale<\/h2>\n\n\n\n<p>A la suite d&rsquo;une consultation m\u00e9dicale, d&rsquo;une r\u00e9union \u00e0 l&rsquo;\u00e9cole ou de&nbsp;conseils d&rsquo;autres professionnels, on vous a demand\u00e9 de faire un <em>bilan<\/em> en ergoth\u00e9rapie.<\/p>\n\n\n\n<p>L&rsquo;\u00e9valuation se fait en trois temps :<\/p>\n\n\n\n<p>Un <strong>premier rendez-vous<\/strong> est fix\u00e9 avec la famille afin de se rencontrer et de d\u00e9finir les probl\u00e9matiques rencontr\u00e9es. Un questionnaire peut vous \u00eatre remis lors de cet entretien afin d&rsquo;affiner les difficult\u00e9s rencontr\u00e9es \u00e0 la maison.<\/p>\n\n\n\n<p><strong>Deux rencontres<\/strong>&nbsp;(de 45 \u00e0 60 minutes)&nbsp;aupr\u00e8s de la personne sont n\u00e9cessaires \u00e0 l&rsquo;ergoth\u00e9rapeute pour \u00e9valuer ses capacit\u00e9s et ses incapacit\u00e9s. Elles se d\u00e9roulent pour la plupart du temps au cabinet, mais elles peuvent se faire \u00e0 domicile pour les personnes ayant des difficult\u00e9s pour se mouvoir.<\/p>\n\n\n\n<p>Deux \u00e0 trois semaines plus tard, l&rsquo;ergoth\u00e9rapeute rencontre la famille pour leur<strong> remettre un compte rendu<\/strong> de l&rsquo;\u00e9valuation et pour leur expliquer la poursuite de l&rsquo;accompagnement.<\/p>\n\n\n\n<h2>L&rsquo;intervention<\/h2>\n\n\n\n<p>L&rsquo;ergoth\u00e9rapeute intervient de mani\u00e8re ponctuelle pour des adaptations ou gr\u00e2ce \u00e0&nbsp;des s\u00e9ances r\u00e9guli\u00e8res aupr\u00e8s de la personne. L&rsquo;accompagnement se fait principalement dans nos locaux mais dans certains cas, il peut se faire sur les lieux de vie de la personne ( Domicile, Ecole, Structure collective\u2026).<\/p>\n\n\n\n<p>L&rsquo;ergoth\u00e9rapeute met en place un cadre&nbsp;propice \u00e0 l&rsquo;\u00e9panouissement et au bien-\u00eatre de chacun. Il utilise des techniques sp\u00e9cialis\u00e9es permettant \u00e0 chacun de r\u00e9aliser les activit\u00e9s voulues. Il am\u00e9nage l&rsquo;environnement, il &nbsp;conseille l&rsquo;entourage, et il prend contact avec les diff\u00e9rents partenaires pour favoriser la r\u00e9ussite du projet de la personne.<\/p>\n\n\n\n<figure class=\"wp-block-image\"><img loading=\"lazy\" width=\"781\" height=\"1024\" src=\"http:\/\/ergo-lib.fr\/wp\/wp-content\/uploads\/2019\/06\/Comprendre-le-bilan-en-Ergoth\u00e9rapie-781x1024.jpg\" alt=\"Image comprendre le bilan en Ergoth\u00e9rapie\" class=\"wp-image-1302\" srcset=\"https:\/\/ergo-lib.fr\/wp\/wp-content\/uploads\/2019\/06\/Comprendre-le-bilan-en-Ergoth\u00e9rapie-781x1024.jpg 781w, https:\/\/ergo-lib.fr\/wp\/wp-content\/uploads\/2019\/06\/Comprendre-le-bilan-en-Ergoth\u00e9rapie-229x300.jpg 229w, https:\/\/ergo-lib.fr\/wp\/wp-content\/uploads\/2019\/06\/Comprendre-le-bilan-en-Ergoth\u00e9rapie-768x1007.jpg 768w, https:\/\/ergo-lib.fr\/wp\/wp-content\/uploads\/2019\/06\/Comprendre-le-bilan-en-Ergoth\u00e9rapie.jpg 824w\" sizes=\"(max-width: 781px) 100vw, 781px\" \/><\/figure>\n","protected":false},"excerpt":{"rendered":"<p>L\u2019ergoth\u00e9rapie s\u2019adresse \u00e0 toute personne rencontrant des difficult\u00e9s dans ses occupations, qu\u2019elles soient scolaires, quotidiennes, professionnelles, de loisirs\u2026 Tout public de tout \u00e2ge peut donc \u00eatre concern\u00e9 (enfant, adulte, personne \u00e2g\u00e9e). L&rsquo;\u00e9valuation initiale A la suite d&rsquo;une consultation m\u00e9dicale, d&rsquo;une r\u00e9union \u00e0 l&rsquo;\u00e9cole ou de&nbsp;conseils d&rsquo;autres professionnels, on vous a demand\u00e9 de faire un bilan <a class=\"more-link\" href=\"https:\/\/ergo-lib.fr\/index.php\/lergotherapie\/\">En lire plus<\/a><\/p>\n","protected":false},"author":2,"featured_media":0,"parent":0,"menu_order":0,"comment_status":"closed","ping_status":"closed","template":"","meta":[],"_links":{"self":[{"href":"https:\/\/ergo-lib.fr\/index.php\/wp-json\/wp\/v2\/pages\/41"}],"collection":[{"href":"https:\/\/ergo-lib.fr\/index.php\/wp-json\/wp\/v2\/pages"}],"about":[{"href":"https:\/\/ergo-lib.fr\/index.php\/wp-json\/wp\/v2\/types\/page"}],"author":[{"embeddable":true,"href":"https:\/\/ergo-lib.fr\/index.php\/wp-json\/wp\/v2\/users\/2"}],"replies":[{"embeddable":true,"href":"https:\/\/ergo-lib.fr\/index.php\/wp-json\/wp\/v2\/comments?post=41"}],"version-history":[{"count":9,"href":"https:\/\/ergo-lib.fr\/index.php\/wp-json\/wp\/v2\/pages\/41\/revisions"}],"predecessor-version":[{"id":1381,"href":"https:\/\/ergo-lib.fr\/index.php\/wp-json\/wp\/v2\/pages\/41\/revisions\/1381"}],"wp:attachment":[{"href":"https:\/\/ergo-lib.fr\/index.php\/wp-json\/wp\/v2\/media?parent=41"}],"curies":[{"name":"wp","href":"https:\/\/api.w.org\/{rel}","templated":true}]}}